{"id":137,"date":"2025-03-10T13:12:01","date_gmt":"2025-03-10T13:12:01","guid":{"rendered":"https:\/\/schlossereipauli.ch\/?page_id=137"},"modified":"2025-03-14T09:06:54","modified_gmt":"2025-03-14T09:06:54","slug":"allgemeine-geschaeftsbedingungen","status":"publish","type":"page","link":"https:\/\/schlossereipauli.ch\/index.php\/allgemeine-geschaeftsbedingungen\/","title":{"rendered":"ALLGEMEINE GESCH\u00c4FTSBEDINGUNGEN"},"content":{"rendered":"\n<p>Fassung M\u00e4rz 2025<\/p>\n\n\n\n<hr class=\"wp-block-separator has-alpha-channel-opacity\"\/>\n\n\n\n<p><strong>1. G\u00fcltigkeit:<\/strong>\u00a0Diese AGB gelten unbeschr\u00e4nkt f\u00fcr alle Kauf- und Werkvertr\u00e4ge, welche die Schlosserei Pauli als Lieferantin eingeht. Die Schlosserei Pauli anerkennt keine AGB des Bestellers* oder eines Dritten und lehnt diese hiermit ab. Aufhebung, Erg\u00e4nzung oder \u00c4nderung der AGB der Schlosserei Pauli bed\u00fcrfen der Schriftform. Sollten Bestimmungen dieser AGB ung\u00fcltig sein, so bleiben die \u00fcbrigen Bestimmungen dennoch wirksam.<\/p>\n\n\n\n<p><strong>2. Zustandekommen und Vertragsinhalt:<\/strong>\u00a0Ein Vertrag kommt erst zustande, wenn die Bestellung durch die Schlosserei Pauli unterschriftlich best\u00e4tigt wird. Verlangt die Schlosserei Pauli eine Gegenzeichnung durch den Besteller, so kommt der Vertrag erst mit dieser zustande. Der Vertragsinhalt bestimmt sich aufgrund der Auftragsbest\u00e4tigung der Schlosserei Pauli.<\/p>\n\n\n\n<p>SIA-Normen gelten nur insoweit, als sie zwischen den Parteien bezogen auf den Einzelfall schriftlich und ausdr\u00fccklich zum Vertragsbestandteil erkl\u00e4rt werden.<\/p>\n\n\n\n<p><strong>3. Preise:<\/strong>\u00a0Alle Preise der Schlosserei Pauli verstehen sich rein netto. Die Schlosserei Pauli kann ihre Preise, bis zum Zustandekommen des Vertrages, jederzeit \u00e4ndern; dies auch nach Offertstellung.<\/p>\n\n\n\n<p><strong>4. Zahlungen:<\/strong>\u00a0Der Besteller hat seine Zahlungen in Schweizer Franken am Sitz derSchlosserei Pauli zu erf\u00fcllen. Es gelten die in der Auftragsbest\u00e4tigung aufgef\u00fchrten Zahlungsfristen. Diese stellen Verfalltage dar.<\/p>\n\n\n\n<p><strong>5. Verzugszins:<\/strong>\u00a0Der Besteller schuldet auf allen Verpflichtungen, mit denen er gegen\u00fcber der Schlosserei Pauli in Verzug ist, einen Verzugszins von 6% p.a.<\/p>\n\n\n\n<p><strong>6. Verrechnungsverbot:<\/strong>\u00a0Der Besteller darf Forderungen der Schlosserei Pauli nicht mit Gegenforderungen gegen sie verrechnen.<\/p>\n\n\n\n<p><strong>7. Lieferfrist:<\/strong>\u00a0Die Lieferfrist beginnt mit Zustandekommen des Vertrags. Sie wird unterbrochen und beginnt neu zu laufen bei Eintritt eines von der Schlosserei Pauli nicht kontrollierbaren Hindernisses, bei Verzug des Bestellers oder bei \u00c4nderungsw\u00fcnschen durch den Besteller. Jegliche Haftung der Schlosserei Pauli wegen versp\u00e4teter Lieferung ist ausgeschlossen.<\/p>\n\n\n\n<p><strong>8. Eigentumsvorbehalt:<\/strong>\u00a0Jede Lieferung bleibt bis zu ihrer vollst\u00e4ndigen Bezahlung Eigentum von Schlosserei Pauli. Solange bleibt dem Besteller die Verpf\u00e4ndung oder anderweitige Belastung der gelieferten Ware verboten.<\/p>\n\n\n\n<p><strong>9. Nutzen und Gefahr:<\/strong>&nbsp;Nutzen und Gefahr gehen auf den Besteller \u00fcber, sobald sich die Ware bei ihm oder auf der Baustelle befindet.<\/p>\n\n\n\n<p><strong>10. Transport:<\/strong>\u00a0Die Art und Weise des Transports auf die Baustelle oder zum Besteller wird von der Schlosserei Pauli bestimmt. Der Besteller hat Reklamationen wegen Transportsch\u00e4den, Versp\u00e4tung oder Verlust innert 3 Tagen nach Eingang der Sendung bzw. innert 3 Tagen nach Ablauf des zu erwartenden Empfangstermins schriftlich an die Schlosserei Pauli zu richten. Transportsch\u00e4den sind zudem bei Liefereingang schriftlich dem Transporteur zu melden und auf dem Lieferschein zu vermerken. Missachtet der Besteller diese Obliegenheiten, so verliert er gegen\u00fcber der Schlosserei Pauli alle Anspr\u00fcche aus dem Schadenereignis.<\/p>\n\n\n\n<p><strong>11. Garantie:<\/strong>\u00a0Die Schlosserei Pauli gew\u00e4hrt dem Besteller eine Garantie von zwei Jahren auf den von ihr gelieferten Produkten und ihrer eigenen Werkvertragserf\u00fcllung. Die Garantiefrist beginnt ab dem Tag der Lieferung bzw. Abnahme\/Inbetriebnahme beim Kunden. Verz\u00f6gert sich diese ohne Verschulden der Schlosserei Pauli, so endet die Garantie sp\u00e4testens nach der um einen Monat verl\u00e4ngerten Garantiedauer, wobei diese mit dem Ende der Montage durch dieSchlosserei Pauli zu laufen beginnt. Die Garantie bezieht sich ausschliesslich auf Installations-, Fabrikations- und Materialfehler. Sie beschr\u00e4nkt sich auf die kostenlose Reparatur oder den Ersatz defekter Teile. Mehrkosten f\u00fcr Reparatureins\u00e4tze ausserhalb der normalen Arbeitszeit und f\u00fcr Eileins\u00e4tze sowie f\u00fcr Express- und Kuriersendungen gehen zu Lasten des Bestellers. Von der Garantie ausgeschlossen sind namentlich Fehler, die auf \u00e4ussere Einfl\u00fcsse oder Eingriffe Dritter zur\u00fcckzuf\u00fchren sind. Die Installationen der Schlosserei Pauli d\u00fcrfen nur von Fachpersonen, die von ihr ausgebildet oder autorisiert wurden, installiert, repariert und betriebsbereit gemacht werden. Wird diese Vorgabe missachtet, erlischt jede Garantie vorbehaltlos. Jede dar\u00fcberhinausgehende Rechts- und Sachgew\u00e4hrleistung ist im gesetzlich zul\u00e4ssigen Rahmen wegbedungen.<\/p>\n\n\n\n<p><strong>12. Anwendbares Recht und Gerichtsstand:<\/strong>&nbsp;Es gilt Schweizer Recht.<\/p>\n\n\n\n<p><strong>Ausschliesslicher Gerichtsstand<\/strong>\u00a0f\u00fcr alle Streitigkeiten aus diesem Vertrag und auch f\u00fcr die Frage nach seinem Zustandekommen ist\u00a0<strong>Hombrechtikon (ZH), Schweiz<\/strong>.<\/p>\n","protected":false},"excerpt":{"rendered":"<p>Fassung M\u00e4rz 2025 1. G\u00fcltigkeit:\u00a0Diese AGB gelten unbeschr\u00e4nkt f\u00fcr alle Kauf- und Werkvertr\u00e4ge, welche die Schlosserei Pauli als Lieferantin eingeht. Die Schlosserei Pauli anerkennt keine AGB des Bestellers* oder eines Dritten und lehnt diese hiermit ab. Aufhebung, Erg\u00e4nzung oder \u00c4nderung der AGB der Schlosserei Pauli bed\u00fcrfen der Schriftform. Sollten Bestimmungen dieser AGB ung\u00fcltig sein, so [&hellip;]<\/p>\n","protected":false},"author":1,"featured_media":0,"parent":0,"menu_order":0,"comment_status":"closed","ping_status":"closed","template":"","meta":{"footnotes":""},"class_list":["post-137","page","type-page","status-publish","hentry"],"yoast_head":"<!-- This site is optimized with the Yoast SEO plugin v24.6 - https:\/\/yoast.com\/wordpress\/plugins\/seo\/ -->\n<title>ALLGEMEINE GESCH\u00c4FTSBEDINGUNGEN - Schlosserei Pauli<\/title>\n<meta name=\"robots\" content=\"index, follow, max-snippet:-1, max-image-preview:large, max-video-preview:-1\" \/>\n<link rel=\"canonical\" href=\"https:\/\/schlossereipauli.ch\/index.php\/allgemeine-geschaeftsbedingungen\/\" \/>\n<meta property=\"og:locale\" content=\"de_DE\" \/>\n<meta property=\"og:type\" content=\"article\" \/>\n<meta property=\"og:title\" content=\"ALLGEMEINE GESCH\u00c4FTSBEDINGUNGEN - Schlosserei Pauli\" \/>\n<meta property=\"og:description\" content=\"Fassung M\u00e4rz 2025 1. G\u00fcltigkeit:\u00a0Diese AGB gelten unbeschr\u00e4nkt f\u00fcr alle Kauf- und Werkvertr\u00e4ge, welche die Schlosserei Pauli als Lieferantin eingeht. Die Schlosserei Pauli anerkennt keine AGB des Bestellers* oder eines Dritten und lehnt diese hiermit ab. Aufhebung, Erg\u00e4nzung oder \u00c4nderung der AGB der Schlosserei Pauli bed\u00fcrfen der Schriftform. Sollten Bestimmungen dieser AGB ung\u00fcltig sein, so [&hellip;]\" \/>\n<meta property=\"og:url\" content=\"https:\/\/schlossereipauli.ch\/index.php\/allgemeine-geschaeftsbedingungen\/\" \/>\n<meta property=\"og:site_name\" content=\"Schlosserei Pauli\" \/>\n<meta property=\"article:modified_time\" content=\"2025-03-14T09:06:54+00:00\" \/>\n<meta name=\"twitter:card\" content=\"summary_large_image\" \/>\n<meta name=\"twitter:label1\" content=\"Gesch\u00e4tzte Lesezeit\" \/>\n\t<meta name=\"twitter:data1\" content=\"4\u00a0Minuten\" \/>\n<script type=\"application\/ld+json\" class=\"yoast-schema-graph\">{\"@context\":\"https:\/\/schema.org\",\"@graph\":[{\"@type\":\"WebPage\",\"@id\":\"https:\/\/schlossereipauli.ch\/index.php\/allgemeine-geschaeftsbedingungen\/\",\"url\":\"https:\/\/schlossereipauli.ch\/index.php\/allgemeine-geschaeftsbedingungen\/\",\"name\":\"ALLGEMEINE GESCH\u00c4FTSBEDINGUNGEN - Schlosserei Pauli\",\"isPartOf\":{\"@id\":\"https:\/\/schlossereipauli.ch\/#website\"},\"datePublished\":\"2025-03-10T13:12:01+00:00\",\"dateModified\":\"2025-03-14T09:06:54+00:00\",\"breadcrumb\":{\"@id\":\"https:\/\/schlossereipauli.ch\/index.php\/allgemeine-geschaeftsbedingungen\/#breadcrumb\"},\"inLanguage\":\"de\",\"potentialAction\":[{\"@type\":\"ReadAction\",\"target\":[\"https:\/\/schlossereipauli.ch\/index.php\/allgemeine-geschaeftsbedingungen\/\"]}]},{\"@type\":\"BreadcrumbList\",\"@id\":\"https:\/\/schlossereipauli.ch\/index.php\/allgemeine-geschaeftsbedingungen\/#breadcrumb\",\"itemListElement\":[{\"@type\":\"ListItem\",\"position\":1,\"name\":\"Startseite\",\"item\":\"https:\/\/schlossereipauli.ch\/\"},{\"@type\":\"ListItem\",\"position\":2,\"name\":\"ALLGEMEINE GESCH\u00c4FTSBEDINGUNGEN\"}]},{\"@type\":\"WebSite\",\"@id\":\"https:\/\/schlossereipauli.ch\/#website\",\"url\":\"https:\/\/schlossereipauli.ch\/\",\"name\":\"Schlosserei Pauli\",\"description\":\"Metallbau und Konstruktionen aller Art\",\"publisher\":{\"@id\":\"https:\/\/schlossereipauli.ch\/#organization\"},\"potentialAction\":[{\"@type\":\"SearchAction\",\"target\":{\"@type\":\"EntryPoint\",\"urlTemplate\":\"https:\/\/schlossereipauli.ch\/?s={search_term_string}\"},\"query-input\":{\"@type\":\"PropertyValueSpecification\",\"valueRequired\":true,\"valueName\":\"search_term_string\"}}],\"inLanguage\":\"de\"},{\"@type\":\"Organization\",\"@id\":\"https:\/\/schlossereipauli.ch\/#organization\",\"name\":\"Schlosserei Pauli\",\"url\":\"https:\/\/schlossereipauli.ch\/\",\"logo\":{\"@type\":\"ImageObject\",\"inLanguage\":\"de\",\"@id\":\"https:\/\/schlossereipauli.ch\/#\/schema\/logo\/image\/\",\"url\":\"https:\/\/schlossereipauli.ch\/wp-content\/uploads\/2025\/02\/Schlosserei-Pauli-Logo-Line.svg\",\"contentUrl\":\"https:\/\/schlossereipauli.ch\/wp-content\/uploads\/2025\/02\/Schlosserei-Pauli-Logo-Line.svg\",\"width\":1,\"height\":1,\"caption\":\"Schlosserei Pauli\"},\"image\":{\"@id\":\"https:\/\/schlossereipauli.ch\/#\/schema\/logo\/image\/\"}}]}<\/script>\n<!-- \/ Yoast SEO plugin. -->","yoast_head_json":{"title":"ALLGEMEINE GESCH\u00c4FTSBEDINGUNGEN - Schlosserei Pauli","robots":{"index":"index","follow":"follow","max-snippet":"max-snippet:-1","max-image-preview":"max-image-preview:large","max-video-preview":"max-video-preview:-1"},"canonical":"https:\/\/schlossereipauli.ch\/index.php\/allgemeine-geschaeftsbedingungen\/","og_locale":"de_DE","og_type":"article","og_title":"ALLGEMEINE GESCH\u00c4FTSBEDINGUNGEN - Schlosserei Pauli","og_description":"Fassung M\u00e4rz 2025 1. G\u00fcltigkeit:\u00a0Diese AGB gelten unbeschr\u00e4nkt f\u00fcr alle Kauf- und Werkvertr\u00e4ge, welche die Schlosserei Pauli als Lieferantin eingeht. Die Schlosserei Pauli anerkennt keine AGB des Bestellers* oder eines Dritten und lehnt diese hiermit ab. Aufhebung, Erg\u00e4nzung oder \u00c4nderung der AGB der Schlosserei Pauli bed\u00fcrfen der Schriftform. Sollten Bestimmungen dieser AGB ung\u00fcltig sein, so [&hellip;]","og_url":"https:\/\/schlossereipauli.ch\/index.php\/allgemeine-geschaeftsbedingungen\/","og_site_name":"Schlosserei Pauli","article_modified_time":"2025-03-14T09:06:54+00:00","twitter_card":"summary_large_image","twitter_misc":{"Gesch\u00e4tzte Lesezeit":"4\u00a0Minuten"},"schema":{"@context":"https:\/\/schema.org","@graph":[{"@type":"WebPage","@id":"https:\/\/schlossereipauli.ch\/index.php\/allgemeine-geschaeftsbedingungen\/","url":"https:\/\/schlossereipauli.ch\/index.php\/allgemeine-geschaeftsbedingungen\/","name":"ALLGEMEINE GESCH\u00c4FTSBEDINGUNGEN - Schlosserei Pauli","isPartOf":{"@id":"https:\/\/schlossereipauli.ch\/#website"},"datePublished":"2025-03-10T13:12:01+00:00","dateModified":"2025-03-14T09:06:54+00:00","breadcrumb":{"@id":"https:\/\/schlossereipauli.ch\/index.php\/allgemeine-geschaeftsbedingungen\/#breadcrumb"},"inLanguage":"de","potentialAction":[{"@type":"ReadAction","target":["https:\/\/schlossereipauli.ch\/index.php\/allgemeine-geschaeftsbedingungen\/"]}]},{"@type":"BreadcrumbList","@id":"https:\/\/schlossereipauli.ch\/index.php\/allgemeine-geschaeftsbedingungen\/#breadcrumb","itemListElement":[{"@type":"ListItem","position":1,"name":"Startseite","item":"https:\/\/schlossereipauli.ch\/"},{"@type":"ListItem","position":2,"name":"ALLGEMEINE GESCH\u00c4FTSBEDINGUNGEN"}]},{"@type":"WebSite","@id":"https:\/\/schlossereipauli.ch\/#website","url":"https:\/\/schlossereipauli.ch\/","name":"Schlosserei Pauli","description":"Metallbau und Konstruktionen aller Art","publisher":{"@id":"https:\/\/schlossereipauli.ch\/#organization"},"potentialAction":[{"@type":"SearchAction","target":{"@type":"EntryPoint","urlTemplate":"https:\/\/schlossereipauli.ch\/?s={search_term_string}"},"query-input":{"@type":"PropertyValueSpecification","valueRequired":true,"valueName":"search_term_string"}}],"inLanguage":"de"},{"@type":"Organization","@id":"https:\/\/schlossereipauli.ch\/#organization","name":"Schlosserei Pauli","url":"https:\/\/schlossereipauli.ch\/","logo":{"@type":"ImageObject","inLanguage":"de","@id":"https:\/\/schlossereipauli.ch\/#\/schema\/logo\/image\/","url":"https:\/\/schlossereipauli.ch\/wp-content\/uploads\/2025\/02\/Schlosserei-Pauli-Logo-Line.svg","contentUrl":"https:\/\/schlossereipauli.ch\/wp-content\/uploads\/2025\/02\/Schlosserei-Pauli-Logo-Line.svg","width":1,"height":1,"caption":"Schlosserei Pauli"},"image":{"@id":"https:\/\/schlossereipauli.ch\/#\/schema\/logo\/image\/"}}]}},"_links":{"self":[{"href":"https:\/\/schlossereipauli.ch\/index.php\/wp-json\/wp\/v2\/pages\/137","targetHints":{"allow":["GET"]}}],"collection":[{"href":"https:\/\/schlossereipauli.ch\/index.php\/wp-json\/wp\/v2\/pages"}],"about":[{"href":"https:\/\/schlossereipauli.ch\/index.php\/wp-json\/wp\/v2\/types\/page"}],"author":[{"embeddable":true,"href":"https:\/\/schlossereipauli.ch\/index.php\/wp-json\/wp\/v2\/users\/1"}],"replies":[{"embeddable":true,"href":"https:\/\/schlossereipauli.ch\/index.php\/wp-json\/wp\/v2\/comments?post=137"}],"version-history":[{"count":2,"href":"https:\/\/schlossereipauli.ch\/index.php\/wp-json\/wp\/v2\/pages\/137\/revisions"}],"predecessor-version":[{"id":169,"href":"https:\/\/schlossereipauli.ch\/index.php\/wp-json\/wp\/v2\/pages\/137\/revisions\/169"}],"wp:attachment":[{"href":"https:\/\/schlossereipauli.ch\/index.php\/wp-json\/wp\/v2\/media?parent=137"}],"curies":[{"name":"wp","href":"https:\/\/api.w.org\/{rel}","templated":true}]}}