{"id":2,"date":"2025-02-28T10:04:54","date_gmt":"2025-02-28T10:04:54","guid":{"rendered":"https:\/\/schlossereipauli.ch\/?page_id=2"},"modified":"2025-10-16T08:57:42","modified_gmt":"2025-10-16T08:57:42","slug":"sample-page","status":"publish","type":"page","link":"https:\/\/schlossereipauli.ch\/","title":{"rendered":"Home"},"content":{"rendered":"<h1><span class=\"uk-text-primary\">Metallbau vom Gr\u00f6bsten<\/span><br class=\"uk-visible@m\" \/> bis zum Feinsten<\/h1>\n<ul>\n<li>\n<p>        <img decoding=\"async\" src=\"\/wp-content\/uploads\/2025\/03\/jf-gartenbau-sichtschutz-steingarten-naturnah-heimisch.jpg\" alt=\"\"><\/p>\n<\/li>\n<li>\n<p>        <img decoding=\"async\" src=\"\/wp-content\/uploads\/2025\/10\/gel.-Haab-1-scaled.jpg\" alt=\"\"><\/p>\n<\/li>\n<li>\n<p>        <img decoding=\"async\" src=\"\/wp-content\/uploads\/2025\/03\/jf-gartenbau-sichtschutz-eigenkreation-metall-holz.jpg\" alt=\"\"><\/p>\n<\/li>\n<li>\n<p>        <img decoding=\"async\" src=\"\/wp-content\/uploads\/2025\/10\/Wanne-scaled.jpg\" alt=\"\"><\/p>\n<\/li>\n<\/ul>\n<hr>\n<h2>Leistungen<\/h2>\n<ul>\n<li>\n<p>        <img decoding=\"async\" src=\"\/wp-content\/uploads\/2025\/10\/gel.-Haab-1-scaled.jpg\" alt=\"\"><\/p>\n<h3>Gel\u00e4nder<\/h3>\n<p>In verschiedenen Ausf\u00fchrungen<\/p>\n<p><a href=\"\/index.php\/leistungen\/#gelaender\"><\/a><\/p>\n<\/li>\n<li>\n<p>        <img decoding=\"async\" src=\"\/wp-content\/uploads\/2025\/10\/Inhelder-scaled.jpg\" alt=\"\"><\/p>\n<h3>Handl\u00e4ufe<\/h3>\n<p>Aus Stahl und Edelstahl<\/p>\n<p><a href=\"\/index.php\/leistungen\/#handlauf\"><\/a><\/p>\n<\/li>\n<li>\n<p>        <img decoding=\"async\" src=\"\/wp-content\/uploads\/photo-1526490608-830788062b76-scaled.jpg\" alt=\"\"><\/p>\n<h3>Vord\u00e4cher<\/h3>\n<p>Aus Metall und Glas<\/p>\n<p><a href=\"\/index.php\/leistungen\/#vordach\"><\/a><\/p>\n<\/li>\n<li>\n<p>        <img decoding=\"async\" src=\"\/wp-content\/uploads\/photo-1484176141566-3674cda218f0-scaled.jpg\" alt=\"\"><\/p>\n<h3>Treppen<\/h3>\n<p>In verschiedenen Designs<\/p>\n<p><a href=\"\/index.php\/leistungen\/#treppe\"><\/a><\/p>\n<\/li>\n<li>\n<p>        <img decoding=\"async\" src=\"\/wp-content\/uploads\/2025\/03\/jf-gartenbau-sichtschutz-steingarten-naturnah-heimisch.jpg\" alt=\"\"><\/p>\n<h3>Sicht- und Windschutzw\u00e4nde<\/h3>\n<p>Aus Metall<\/p>\n<p><a href=\"\/index.php\/leistungen\/#sicht\"><\/a><\/p>\n<\/li>\n<li>\n<p>        <img decoding=\"async\" src=\"\/wp-content\/uploads\/2025\/03\/jf-gartenbau-sichtschutz-eigenkreation-metall-holz.jpg\" alt=\"\"><\/p>\n<h3>Bauteile<\/h3>\n<p>In Kombination mit Holz oder Glas<\/p>\n<p><a href=\"\/index.php\/leistungen\/#bauteile\"><\/a><\/p>\n<\/li>\n<li>\n<p>        <img decoding=\"async\" src=\"\/wp-content\/uploads\/2025\/10\/Wanne-scaled.jpg\" alt=\"\"><\/p>\n<h3>Baukomponenten<\/h3>\n<p>F\u00fcr die Industrie<\/p>\n<p><a href=\"\/index.php\/leistungen\/#industrie\"><\/a><\/p>\n<\/li>\n<li>\n<p>        <img decoding=\"async\" src=\"\/wp-content\/uploads\/2025\/03\/schlosserei-pauli-feuerstelle-jf-gartenbau-spezialanfertigung-homeprev.jpg\" alt=\"\"><\/p>\n<h3>Spezialanfertigungen<\/h3>\n<p>Individuelles Design<\/p>\n<p><a href=\"\/index.php\/leistungen\/#industrie\"><\/a><\/p>\n<\/li>\n<li>\n<p>        <img decoding=\"async\" src=\"\/wp-content\/uploads\/2025\/03\/schlosserei-pauli-metallbau-schweissen-v2.jpg\" alt=\"\"><\/p>\n<h3>Reparaturen<\/h3>\n<p>Und Erweiterungen<\/p>\n<p><a href=\"\/index.php\/leistungen\/#reparatur\"><\/a><\/p>\n<\/li>\n<\/ul>\n<h2>\u00dcber <br class=\"uk-visible@m\">mich<\/h2>\n<div>\n<p>        <img decoding=\"async\" src=\"\/wp-content\/uploads\/2025\/03\/schlosserei-pauli-domenic-pauli.jpg\" alt=\"schlosserei-pauli-domenic-pauli\"><\/p>\n<p>Domenic Pauli<\/p>\n<p><a href=\"#\"><\/a><\/p>\n<\/div>\n<h3>Direkt und <br \/>massgeschneidert<\/h3>\n<div>Als Kleinbetrieb bin ich Ihr direkter Ansprechpartner und k\u00fcmmer mich pers\u00f6nlich um jedes Projekt. Durch direkte Kommunikation und Kreativit\u00e4t finden wir zusammen zu den massgeschneiderten L\u00f6sungen.<\/div>\n<p><p>\n        <a href=\"\/index.php\/uber-mich\/\">Mehr erfahren<\/a>\n    <\/p>\n<\/p>\n<p><!--more--><br \/>\n<!-- {\"type\":\"layout\",\"children\":[{\"name\":\"Hero\",\"type\":\"section\",\"props\":{\"image_position\":\"center-center\",\"style\":\"default\",\"title_breakpoint\":\"xl\",\"title_position\":\"top-left\",\"title_rotation\":\"left\",\"vertical_align\":\"\",\"width\":\"expand\"},\"children\":[{\"type\":\"row\",\"props\":{\"width\":\"default\"},\"children\":[{\"type\":\"column\",\"props\":{\"image_position\":\"center-center\",\"position_sticky_breakpoint\":\"m\",\"width_medium\":\"1-1\"},\"children\":[{\"type\":\"headline\",\"props\":{\"content\":\"<span class=\\\"uk-text-primary\\\">Metallbau vom Gr\\u00f6bsten<\\\/span><br class=\\\"uk-visible@m\\\" \\\/> bis zum Feinsten\",\"title_element\":\"h1\",\"title_style\":\"heading-medium\"}}]}]},{\"type\":\"row\",\"props\":{\"width\":\"expand\"},\"children\":[{\"type\":\"column\",\"props\":{\"image_position\":\"center-center\",\"position_sticky_breakpoint\":\"m\",\"width_medium\":\"1-1\"},\"children\":[{\"type\":\"overlay-slider\",\"props\":{\"image_height\":850,\"image_loading\":true,\"image_width\":\"1486\",\"link_style\":\"default\",\"link_text\":\"\",\"margin\":\"default\",\"meta_align\":\"below-title\",\"meta_element\":\"div\",\"meta_style\":\"text-meta\",\"nav\":\"\",\"nav_align\":\"center\",\"nav_below\":true,\"nav_breakpoint\":\"s\",\"nav_position\":\"bottom-center\",\"nav_position_margin\":\"medium\",\"overlay_link\":true,\"overlay_mode\":\"cover\",\"overlay_position\":\"center\",\"overlay_transition\":\"fade\",\"show_content\":true,\"show_hover_image\":true,\"show_hover_video\":true,\"show_link\":true,\"show_meta\":true,\"show_title\":true,\"slidenav\":\"bottom-left\",\"slidenav_breakpoint\":\"s\",\"slidenav_hover\":false,\"slidenav_large\":true,\"slidenav_margin\":\"\",\"slidenav_outside_breakpoint\":\"xl\",\"slider_autoplay_pause\":true,\"slider_divider\":false,\"slider_gap\":\"default\",\"slider_width\":\"fixed\",\"slider_width_default\":\"1-1\",\"slider_width_medium\":\"4-5\",\"slider_width_xlarge\":\"3-5\",\"text_align\":\"center\",\"title_element\":\"h3\",\"title_hover_style\":\"reset\"},\"children\":[{\"type\":\"overlay-slider_item\",\"props\":{\"image\":\"wp-content\\\/uploads\\\/2025\\\/03\\\/jf-gartenbau-sichtschutz-steingarten-naturnah-heimisch.jpg\"}},{\"type\":\"overlay-slider_item\",\"props\":{\"image\":\"wp-content\\\/uploads\\\/2025\\\/10\\\/gel.-Haab-1-scaled.jpg\"}},{\"type\":\"overlay-slider_item\",\"props\":{\"image\":\"wp-content\\\/uploads\\\/2025\\\/03\\\/jf-gartenbau-sichtschutz-eigenkreation-metall-holz.jpg\"}},{\"type\":\"overlay-slider_item\",\"props\":{\"image\":\"wp-content\\\/uploads\\\/2025\\\/10\\\/Wanne-scaled.jpg\"}}]}]}]}]},{\"name\":\"Services\",\"type\":\"section\",\"props\":{\"image_position\":\"center-center\",\"padding\":\"large\",\"padding_remove_bottom\":false,\"style\":\"default\",\"title_breakpoint\":\"xl\",\"title_position\":\"top-left\",\"title_rotation\":\"left\",\"vertical_align\":\"\",\"width\":\"xlarge\"},\"children\":[{\"type\":\"row\",\"props\":{\"margin\":\"xlarge\",\"width\":\"default\"},\"children\":[{\"type\":\"column\",\"props\":{\"image_position\":\"center-center\",\"position_sticky_breakpoint\":\"m\",\"width_medium\":\"1-1\"},\"children\":[{\"type\":\"divider\",\"props\":{\"divider_element\":\"hr\",\"divider_style\":\"small\"}},{\"type\":\"headline\",\"props\":{\"content\":\"Leistungen\",\"margin\":\"small\",\"margin_remove_bottom\":false,\"margin_remove_top\":false,\"title_element\":\"h2\",\"title_style\":\"heading-small\"}}]}]},{\"type\":\"row\",\"props\":{\"width\":\"small\"},\"children\":[{\"type\":\"column\",\"props\":{\"image_position\":\"center-center\",\"position_sticky_breakpoint\":\"m\",\"width_medium\":\"1-1\"},\"children\":[{\"type\":\"gallery\",\"props\":{\"filter_align\":\"left\",\"filter_all\":true,\"filter_grid_breakpoint\":\"m\",\"filter_grid_width\":\"auto\",\"filter_position\":\"top\",\"filter_style\":\"tab\",\"grid_column_gap\":\"large\",\"grid_default\":\"1\",\"grid_divider\":false,\"grid_medium\":\"\",\"grid_parallax\":\"200\",\"grid_parallax_y\":\"200\",\"grid_row_gap\":\"large\",\"grid_small\":\"2\",\"image_height\":360,\"image_orientation\":false,\"image_width\":\"629\",\"item_animation\":true,\"lightbox_bg_close\":true,\"link_style\":\"default\",\"link_text\":\"\",\"margin\":\"default\",\"meta_align\":\"below-title\",\"meta_color\":\"muted\",\"meta_element\":\"div\",\"meta_margin\":\"small\",\"meta_style\":\"\",\"overlay_hover\":false,\"overlay_link\":true,\"overlay_mode\":\"caption\",\"overlay_padding\":\"small\",\"overlay_position\":\"bottom-left\",\"overlay_style\":\"tile-default\",\"overlay_transition\":\"fade\",\"parallax_easing\":\"1\",\"show_content\":true,\"show_hover_image\":true,\"show_hover_video\":true,\"show_link\":true,\"show_meta\":true,\"show_title\":true,\"text_align\":\"left\",\"text_color\":\"light\",\"title_element\":\"h3\",\"title_hover_style\":\"reset\"},\"children\":[{\"type\":\"gallery_item\",\"props\":{\"image\":\"wp-content\\\/uploads\\\/2025\\\/10\\\/gel.-Haab-1-scaled.jpg\",\"link\":\"index.php\\\/leistungen\\\/#gelaender\",\"meta\":\"In verschiedenen Ausf\\u00fchrungen\",\"title\":\"Gel\\u00e4nder\"}},{\"type\":\"gallery_item\",\"props\":{\"image\":\"wp-content\\\/uploads\\\/2025\\\/10\\\/Inhelder-scaled.jpg\",\"link\":\"index.php\\\/leistungen\\\/#handlauf\",\"meta\":\"Aus Stahl und Edelstahl\",\"title\":\"Handl\\u00e4ufe\"}},{\"type\":\"gallery_item\",\"props\":{\"image\":\"wp-content\\\/uploads\\\/photo-1526490608-830788062b76-scaled.jpg\",\"link\":\"index.php\\\/leistungen\\\/#vordach\",\"meta\":\"Aus Metall und Glas\",\"title\":\"Vord\\u00e4cher\"}},{\"type\":\"gallery_item\",\"props\":{\"image\":\"wp-content\\\/uploads\\\/photo-1484176141566-3674cda218f0-scaled.jpg\",\"link\":\"index.php\\\/leistungen\\\/#treppe\",\"meta\":\"In verschiedenen Designs\",\"title\":\"Treppen\"}},{\"type\":\"gallery_item\",\"props\":{\"image\":\"wp-content\\\/uploads\\\/2025\\\/03\\\/jf-gartenbau-sichtschutz-steingarten-naturnah-heimisch.jpg\",\"link\":\"index.php\\\/leistungen\\\/#sicht\",\"meta\":\"Aus Metall\",\"title\":\"Sicht- und Windschutzw\\u00e4nde\"}},{\"type\":\"gallery_item\",\"props\":{\"image\":\"wp-content\\\/uploads\\\/2025\\\/03\\\/jf-gartenbau-sichtschutz-eigenkreation-metall-holz.jpg\",\"link\":\"index.php\\\/leistungen\\\/#bauteile\",\"meta\":\"In Kombination mit Holz oder Glas\",\"title\":\"Bauteile\"}},{\"type\":\"gallery_item\",\"props\":{\"image\":\"wp-content\\\/uploads\\\/2025\\\/10\\\/Wanne-scaled.jpg\",\"link\":\"index.php\\\/leistungen\\\/#industrie\",\"meta\":\"F\\u00fcr die Industrie\",\"title\":\"Baukomponenten\"}},{\"type\":\"gallery_item\",\"props\":{\"image\":\"wp-content\\\/uploads\\\/2025\\\/03\\\/schlosserei-pauli-feuerstelle-jf-gartenbau-spezialanfertigung-homeprev.jpg\",\"link\":\"index.php\\\/leistungen\\\/#industrie\",\"meta\":\"Individuelles Design\",\"title\":\"Spezialanfertigungen\"}},{\"type\":\"gallery_item\",\"props\":{\"image\":\"wp-content\\\/uploads\\\/2025\\\/03\\\/schlosserei-pauli-metallbau-schweissen-v2.jpg\",\"link\":\"index.php\\\/leistungen\\\/#reparatur\",\"meta\":\"Und Erweiterungen\",\"title\":\"Reparaturen\"}}]}]}]}]},{\"name\":\"About\",\"type\":\"section\",\"props\":{\"image\":\"wp-content\\\/uploads\\\/2025\\\/03\\\/photo-1513105737059-ff0cf0580ae6-scaled.jpg\",\"image_effect\":\"parallax\",\"image_parallax_bgx\":\"-180,-150\",\"image_parallax_easing\":\"1\",\"image_position\":\"bottom-center\",\"image_size\":\"cover\",\"media_focal_point\":\"center-right\",\"media_visibility\":\"m\",\"style\":\"default\",\"title\":\"About Nioh Studio\",\"title_breakpoint\":\"xl\",\"title_position\":\"center-left\",\"title_rotation\":\"left\",\"vertical_align\":\"\",\"width\":\"default\"},\"children\":[{\"type\":\"row\",\"children\":[{\"type\":\"column\",\"props\":{\"image_position\":\"center-center\",\"position_sticky_breakpoint\":\"m\",\"width_medium\":\"1-1\"},\"children\":[{\"type\":\"headline\",\"props\":{\"content\":\"\\u00dcber <br class=\\\"uk-visible@m\\\">mich\",\"title_decoration\":\"line\",\"title_element\":\"h2\",\"title_style\":\"heading-small\"}}]}]},{\"type\":\"row\",\"props\":{\"column_gap\":\"large\",\"layout\":\"2-3,1-3\",\"row_gap\":\"large\"},\"children\":[{\"type\":\"column\",\"props\":{\"image_position\":\"center-center\",\"position_sticky_breakpoint\":\"m\",\"vertical_align\":\"middle\",\"width_small\":\"2-3\"},\"children\":[{\"type\":\"panel\",\"props\":{\"block_align\":\"right\",\"content\":\"\",\"content_column_breakpoint\":\"m\",\"icon_width\":80,\"image\":\"wp-content\\\/uploads\\\/2025\\\/03\\\/schlosserei-pauli-domenic-pauli.jpg\",\"image_align\":\"top\",\"image_alt\":\"schlosserei-pauli-domenic-pauli\",\"image_grid_breakpoint\":\"m\",\"image_grid_width\":\"1-2\",\"image_height\":350,\"image_link\":true,\"image_svg_color\":\"emphasis\",\"image_width\":350,\"link\":\"#\",\"link_style\":\"default\",\"link_text\":\"\",\"margin\":\"default\",\"maxwidth\":\"large\",\"maxwidth_breakpoint\":\"m\",\"meta\":\"Domenic Pauli\",\"meta_align\":\"below-title\",\"meta_color\":\"muted\",\"meta_element\":\"div\",\"meta_style\":\"\",\"text_align\":\"right\",\"text_align_breakpoint\":\"m\",\"title_align\":\"top\",\"title_element\":\"h3\",\"title_grid_breakpoint\":\"m\",\"title_grid_width\":\"1-2\",\"title_hover_style\":\"reset\",\"title_link\":true}}]},{\"type\":\"column\",\"props\":{\"image_position\":\"center-center\",\"position_sticky_breakpoint\":\"m\",\"vertical_align\":\"middle\",\"width_small\":\"1-3\"},\"children\":[{\"type\":\"headline\",\"props\":{\"content\":\"Direkt und <br \/>massgeschneidert\",\"margin\":\"medium\",\"title_element\":\"h3\",\"title_style\":\"h1\"}},{\"type\":\"text\",\"props\":{\"column_breakpoint\":\"m\",\"content\":\"Als Kleinbetrieb bin ich Ihr direkter Ansprechpartner und k\\u00fcmmer mich pers\\u00f6nlich um jedes Projekt. Durch direkte Kommunikation und Kreativit\\u00e4t finden wir zusammen zu den massgeschneiderten L\\u00f6sungen.\",\"margin\":\"default\"}},{\"type\":\"button\",\"props\":{\"grid_column_gap\":\"small\",\"grid_row_gap\":\"small\",\"margin\":\"medium\"},\"children\":[{\"type\":\"button_item\",\"props\":{\"button_style\":\"default\",\"content\":\"Mehr erfahren\",\"dialog_layout\":\"modal\",\"dialog_offcanvas_flip\":true,\"icon_align\":\"left\",\"link\":\"index.php\\\/uber-mich\\\/\"}}]}]}]}]}],\"version\":\"4.5.7\"} --><\/p>\n","protected":false},"excerpt":{"rendered":"<p>Metallbau vom Gr\u00f6bsten bis zum Feinsten Leistungen Gel\u00e4nder In verschiedenen Ausf\u00fchrungen Handl\u00e4ufe Aus Stahl und Edelstahl Vord\u00e4cher Aus Metall und Glas Treppen In verschiedenen Designs Sicht- und Windschutzw\u00e4nde Aus Metall Bauteile In Kombination mit Holz oder Glas Baukomponenten F\u00fcr die Industrie Spezialanfertigungen Individuelles Design Reparaturen Und Erweiterungen \u00dcber mich Domenic Pauli Direkt und massgeschneidert Als [&hellip;]<\/p>\n","protected":false},"author":1,"featured_media":0,"parent":0,"menu_order":0,"comment_status":"closed","ping_status":"open","template":"","meta":{"footnotes":""},"class_list":["post-2","page","type-page","status-publish","hentry"],"yoast_head":"<!-- This site is optimized with the Yoast SEO plugin v24.6 - https:\/\/yoast.com\/wordpress\/plugins\/seo\/ -->\n<title>Home - Schlosserei Pauli<\/title>\n<meta name=\"robots\" content=\"index, follow, max-snippet:-1, max-image-preview:large, max-video-preview:-1\" \/>\n<link rel=\"canonical\" href=\"https:\/\/schlossereipauli.ch\/\" \/>\n<meta property=\"og:locale\" content=\"de_DE\" \/>\n<meta property=\"og:type\" content=\"article\" \/>\n<meta property=\"og:title\" content=\"Home - Schlosserei Pauli\" \/>\n<meta property=\"og:description\" content=\"Metallbau vom Gr\u00f6bsten bis zum Feinsten Leistungen Gel\u00e4nder In verschiedenen Ausf\u00fchrungen Handl\u00e4ufe Aus Stahl und Edelstahl Vord\u00e4cher Aus Metall und Glas Treppen In verschiedenen Designs Sicht- und Windschutzw\u00e4nde Aus Metall Bauteile In Kombination mit Holz oder Glas Baukomponenten F\u00fcr die Industrie Spezialanfertigungen Individuelles Design Reparaturen Und Erweiterungen \u00dcber mich Domenic Pauli Direkt und massgeschneidert Als [&hellip;]\" \/>\n<meta property=\"og:url\" content=\"https:\/\/schlossereipauli.ch\/\" \/>\n<meta property=\"og:site_name\" content=\"Schlosserei Pauli\" \/>\n<meta property=\"article:modified_time\" content=\"2025-10-16T08:57:42+00:00\" \/>\n<meta name=\"twitter:card\" content=\"summary_large_image\" \/>\n<meta name=\"twitter:label1\" content=\"Gesch\u00e4tzte Lesezeit\" \/>\n\t<meta name=\"twitter:data1\" content=\"1\u00a0Minute\" \/>\n<script type=\"application\/ld+json\" class=\"yoast-schema-graph\">{\"@context\":\"https:\/\/schema.org\",\"@graph\":[{\"@type\":\"WebPage\",\"@id\":\"https:\/\/schlossereipauli.ch\/\",\"url\":\"https:\/\/schlossereipauli.ch\/\",\"name\":\"Home - Schlosserei Pauli\",\"isPartOf\":{\"@id\":\"https:\/\/schlossereipauli.ch\/#website\"},\"datePublished\":\"2025-02-28T10:04:54+00:00\",\"dateModified\":\"2025-10-16T08:57:42+00:00\",\"breadcrumb\":{\"@id\":\"https:\/\/schlossereipauli.ch\/#breadcrumb\"},\"inLanguage\":\"de\",\"potentialAction\":[{\"@type\":\"ReadAction\",\"target\":[\"https:\/\/schlossereipauli.ch\/\"]}]},{\"@type\":\"BreadcrumbList\",\"@id\":\"https:\/\/schlossereipauli.ch\/#breadcrumb\",\"itemListElement\":[{\"@type\":\"ListItem\",\"position\":1,\"name\":\"Startseite\",\"item\":\"https:\/\/schlossereipauli.ch\/\"},{\"@type\":\"ListItem\",\"position\":2,\"name\":\"Home\"}]},{\"@type\":\"WebSite\",\"@id\":\"https:\/\/schlossereipauli.ch\/#website\",\"url\":\"https:\/\/schlossereipauli.ch\/\",\"name\":\"Schlosserei Pauli\",\"description\":\"Metallbau und Konstruktionen aller Art\",\"publisher\":{\"@id\":\"https:\/\/schlossereipauli.ch\/#organization\"},\"potentialAction\":[{\"@type\":\"SearchAction\",\"target\":{\"@type\":\"EntryPoint\",\"urlTemplate\":\"https:\/\/schlossereipauli.ch\/?s={search_term_string}\"},\"query-input\":{\"@type\":\"PropertyValueSpecification\",\"valueRequired\":true,\"valueName\":\"search_term_string\"}}],\"inLanguage\":\"de\"},{\"@type\":\"Organization\",\"@id\":\"https:\/\/schlossereipauli.ch\/#organization\",\"name\":\"Schlosserei Pauli\",\"url\":\"https:\/\/schlossereipauli.ch\/\",\"logo\":{\"@type\":\"ImageObject\",\"inLanguage\":\"de\",\"@id\":\"https:\/\/schlossereipauli.ch\/#\/schema\/logo\/image\/\",\"url\":\"https:\/\/schlossereipauli.ch\/wp-content\/uploads\/2025\/02\/Schlosserei-Pauli-Logo-Line.svg\",\"contentUrl\":\"https:\/\/schlossereipauli.ch\/wp-content\/uploads\/2025\/02\/Schlosserei-Pauli-Logo-Line.svg\",\"width\":1,\"height\":1,\"caption\":\"Schlosserei Pauli\"},\"image\":{\"@id\":\"https:\/\/schlossereipauli.ch\/#\/schema\/logo\/image\/\"}}]}<\/script>\n<!-- \/ Yoast SEO plugin. -->","yoast_head_json":{"title":"Home - Schlosserei Pauli","robots":{"index":"index","follow":"follow","max-snippet":"max-snippet:-1","max-image-preview":"max-image-preview:large","max-video-preview":"max-video-preview:-1"},"canonical":"https:\/\/schlossereipauli.ch\/","og_locale":"de_DE","og_type":"article","og_title":"Home - Schlosserei Pauli","og_description":"Metallbau vom Gr\u00f6bsten bis zum Feinsten Leistungen Gel\u00e4nder In verschiedenen Ausf\u00fchrungen Handl\u00e4ufe Aus Stahl und Edelstahl Vord\u00e4cher Aus Metall und Glas Treppen In verschiedenen Designs Sicht- und Windschutzw\u00e4nde Aus Metall Bauteile In Kombination mit Holz oder Glas Baukomponenten F\u00fcr die Industrie Spezialanfertigungen Individuelles Design Reparaturen Und Erweiterungen \u00dcber mich Domenic Pauli Direkt und massgeschneidert Als [&hellip;]","og_url":"https:\/\/schlossereipauli.ch\/","og_site_name":"Schlosserei Pauli","article_modified_time":"2025-10-16T08:57:42+00:00","twitter_card":"summary_large_image","twitter_misc":{"Gesch\u00e4tzte Lesezeit":"1\u00a0Minute"},"schema":{"@context":"https:\/\/schema.org","@graph":[{"@type":"WebPage","@id":"https:\/\/schlossereipauli.ch\/","url":"https:\/\/schlossereipauli.ch\/","name":"Home - Schlosserei Pauli","isPartOf":{"@id":"https:\/\/schlossereipauli.ch\/#website"},"datePublished":"2025-02-28T10:04:54+00:00","dateModified":"2025-10-16T08:57:42+00:00","breadcrumb":{"@id":"https:\/\/schlossereipauli.ch\/#breadcrumb"},"inLanguage":"de","potentialAction":[{"@type":"ReadAction","target":["https:\/\/schlossereipauli.ch\/"]}]},{"@type":"BreadcrumbList","@id":"https:\/\/schlossereipauli.ch\/#breadcrumb","itemListElement":[{"@type":"ListItem","position":1,"name":"Startseite","item":"https:\/\/schlossereipauli.ch\/"},{"@type":"ListItem","position":2,"name":"Home"}]},{"@type":"WebSite","@id":"https:\/\/schlossereipauli.ch\/#website","url":"https:\/\/schlossereipauli.ch\/","name":"Schlosserei Pauli","description":"Metallbau und Konstruktionen aller Art","publisher":{"@id":"https:\/\/schlossereipauli.ch\/#organization"},"potentialAction":[{"@type":"SearchAction","target":{"@type":"EntryPoint","urlTemplate":"https:\/\/schlossereipauli.ch\/?s={search_term_string}"},"query-input":{"@type":"PropertyValueSpecification","valueRequired":true,"valueName":"search_term_string"}}],"inLanguage":"de"},{"@type":"Organization","@id":"https:\/\/schlossereipauli.ch\/#organization","name":"Schlosserei Pauli","url":"https:\/\/schlossereipauli.ch\/","logo":{"@type":"ImageObject","inLanguage":"de","@id":"https:\/\/schlossereipauli.ch\/#\/schema\/logo\/image\/","url":"https:\/\/schlossereipauli.ch\/wp-content\/uploads\/2025\/02\/Schlosserei-Pauli-Logo-Line.svg","contentUrl":"https:\/\/schlossereipauli.ch\/wp-content\/uploads\/2025\/02\/Schlosserei-Pauli-Logo-Line.svg","width":1,"height":1,"caption":"Schlosserei Pauli"},"image":{"@id":"https:\/\/schlossereipauli.ch\/#\/schema\/logo\/image\/"}}]}},"_links":{"self":[{"href":"https:\/\/schlossereipauli.ch\/index.php\/wp-json\/wp\/v2\/pages\/2","targetHints":{"allow":["GET"]}}],"collection":[{"href":"https:\/\/schlossereipauli.ch\/index.php\/wp-json\/wp\/v2\/pages"}],"about":[{"href":"https:\/\/schlossereipauli.ch\/index.php\/wp-json\/wp\/v2\/types\/page"}],"author":[{"embeddable":true,"href":"https:\/\/schlossereipauli.ch\/index.php\/wp-json\/wp\/v2\/users\/1"}],"replies":[{"embeddable":true,"href":"https:\/\/schlossereipauli.ch\/index.php\/wp-json\/wp\/v2\/comments?post=2"}],"version-history":[{"count":55,"href":"https:\/\/schlossereipauli.ch\/index.php\/wp-json\/wp\/v2\/pages\/2\/revisions"}],"predecessor-version":[{"id":194,"href":"https:\/\/schlossereipauli.ch\/index.php\/wp-json\/wp\/v2\/pages\/2\/revisions\/194"}],"wp:attachment":[{"href":"https:\/\/schlossereipauli.ch\/index.php\/wp-json\/wp\/v2\/media?parent=2"}],"curies":[{"name":"wp","href":"https:\/\/api.w.org\/{rel}","templated":true}]}}