{"id":97,"date":"2025-03-10T10:57:02","date_gmt":"2025-03-10T10:57:02","guid":{"rendered":"https:\/\/schlossereipauli.ch\/?page_id=97"},"modified":"2025-03-14T09:13:54","modified_gmt":"2025-03-14T09:13:54","slug":"impressum","status":"publish","type":"page","link":"https:\/\/schlossereipauli.ch\/index.php\/impressum\/","title":{"rendered":"Impressum"},"content":{"rendered":"\n<p><strong>Kontakt-Adresse<\/strong><\/p>\n\n\n\n<p>Schlosserei Pauli<br>Frauwis 5<br>8634 Hombrechtikon ZH<br>Schweiz<\/p>\n\n\n\n<p>E-Mail:<br>mail@schlossereipauli.ch<\/p>\n\n\n\n<p><strong>Vertretungsberechtigte Person(en)<\/strong><\/p>\n\n\n\n<p>Domenic Pauli, Inhaber<\/p>\n\n\n\n<p><strong>Mehrwertsteuer-Nummer<\/strong><br>CHE-396.224.370 MWST<\/p>\n\n\n\n<p><strong>Haftungsausschluss<\/strong><\/p>\n\n\n\n<p>Der Autor \u00fcbernimmt keinerlei Gew\u00e4hr hinsichtlich der inhaltlichen Richtigkeit, Genauigkeit, Aktualit\u00e4t, Zuverl\u00e4ssigkeit und Vollst\u00e4ndigkeit der Informationen.<\/p>\n\n\n\n<p>Haftungsanspr\u00fcche gegen den Autor wegen Sch\u00e4den materieller oder immaterieller Art, welche aus dem Zugriff oder der Nutzung bzw. Nichtnutzung der ver\u00f6ffentlichten Informationen, durch Missbrauch der Verbindung oder durch technische St\u00f6rungen entstanden sind, werden ausgeschlossen.<\/p>\n\n\n\n<p>Alle Angebote sind unverbindlich. Der Autor beh\u00e4lt es sich ausdr\u00fccklich vor, Teile der Seiten oder das gesamte Angebot ohne besondere Ank\u00fcndigung zu ver\u00e4ndern, zu erg\u00e4nzen, zu l\u00f6schen oder die Ver\u00f6ffentlichung zeitweise oder endg\u00fcltig einzustellen.<\/p>\n\n\n\n<p><strong>Haftungsausschluss f\u00fcr Links<\/strong><\/p>\n\n\n\n<p>Verweise und Links auf Webseiten Dritter liegen ausserhalb unseres Verantwortungsbereichs. Es wird jegliche Verantwortung f\u00fcr solche Webseiten abgelehnt. Der Zugriff und die Nutzung solcher Webseiten erfolgen auf eigene Gefahr des jeweiligen Nutzers.<\/p>\n\n\n\n<p><strong>Urheberrechte<\/strong><\/p>\n\n\n\n<p>Die Urheber- und alle anderen Rechte an Inhalten, Bildern, Fotos oder anderen Dateien auf dieser Website, geh\u00f6ren ausschliesslich\u00a0<strong>der Schlosserei Pauli<\/strong>\u00a0oder den speziell genannten Rechteinhabern. F\u00fcr die Reproduktion jeglicher Elemente ist die schriftliche Zustimmung des Urheberrechtstr\u00e4gers im Voraus einzuholen.<\/p>\n\n\n\n<p><strong>Gestaltung der Website<\/strong><\/p>\n\n\n\n<p>Jsabelle Forrer, Illustration, Grafik- und Webdesign<br><a href=\"https:\/\/jsabelleforrer.ch\/\">jsabelleforrer.ch<\/a><\/p>\n","protected":false},"excerpt":{"rendered":"<p>Kontakt-Adresse Schlosserei PauliFrauwis 58634 Hombrechtikon ZHSchweiz E-Mail:mail@schlossereipauli.ch Vertretungsberechtigte Person(en) Domenic Pauli, Inhaber Mehrwertsteuer-NummerCHE-396.224.370 MWST Haftungsausschluss Der Autor \u00fcbernimmt keinerlei Gew\u00e4hr hinsichtlich der inhaltlichen Richtigkeit, Genauigkeit, Aktualit\u00e4t, Zuverl\u00e4ssigkeit und Vollst\u00e4ndigkeit der Informationen. Haftungsanspr\u00fcche gegen den Autor wegen Sch\u00e4den materieller oder immaterieller Art, welche aus dem Zugriff oder der Nutzung bzw. Nichtnutzung der ver\u00f6ffentlichten Informationen, durch Missbrauch [&hellip;]<\/p>\n","protected":false},"author":1,"featured_media":0,"parent":0,"menu_order":0,"comment_status":"closed","ping_status":"closed","template":"","meta":{"footnotes":""},"class_list":["post-97","page","type-page","status-publish","hentry"],"yoast_head":"<!-- This site is optimized with the Yoast SEO plugin v24.6 - https:\/\/yoast.com\/wordpress\/plugins\/seo\/ -->\n<title>Impressum - Schlosserei Pauli<\/title>\n<meta name=\"robots\" content=\"index, follow, max-snippet:-1, max-image-preview:large, max-video-preview:-1\" \/>\n<link rel=\"canonical\" href=\"https:\/\/schlossereipauli.ch\/index.php\/impressum\/\" \/>\n<meta property=\"og:locale\" content=\"de_DE\" \/>\n<meta property=\"og:type\" content=\"article\" \/>\n<meta property=\"og:title\" content=\"Impressum - Schlosserei Pauli\" \/>\n<meta property=\"og:description\" content=\"Kontakt-Adresse Schlosserei PauliFrauwis 58634 Hombrechtikon ZHSchweiz E-Mail:mail@schlossereipauli.ch Vertretungsberechtigte Person(en) Domenic Pauli, Inhaber Mehrwertsteuer-NummerCHE-396.224.370 MWST Haftungsausschluss Der Autor \u00fcbernimmt keinerlei Gew\u00e4hr hinsichtlich der inhaltlichen Richtigkeit, Genauigkeit, Aktualit\u00e4t, Zuverl\u00e4ssigkeit und Vollst\u00e4ndigkeit der Informationen. Haftungsanspr\u00fcche gegen den Autor wegen Sch\u00e4den materieller oder immaterieller Art, welche aus dem Zugriff oder der Nutzung bzw. Nichtnutzung der ver\u00f6ffentlichten Informationen, durch Missbrauch [&hellip;]\" \/>\n<meta property=\"og:url\" content=\"https:\/\/schlossereipauli.ch\/index.php\/impressum\/\" \/>\n<meta property=\"og:site_name\" content=\"Schlosserei Pauli\" \/>\n<meta property=\"article:modified_time\" content=\"2025-03-14T09:13:54+00:00\" \/>\n<meta name=\"twitter:card\" content=\"summary_large_image\" \/>\n<meta name=\"twitter:label1\" content=\"Gesch\u00e4tzte Lesezeit\" \/>\n\t<meta name=\"twitter:data1\" content=\"2\u00a0Minuten\" \/>\n<script type=\"application\/ld+json\" class=\"yoast-schema-graph\">{\"@context\":\"https:\/\/schema.org\",\"@graph\":[{\"@type\":\"WebPage\",\"@id\":\"https:\/\/schlossereipauli.ch\/index.php\/impressum\/\",\"url\":\"https:\/\/schlossereipauli.ch\/index.php\/impressum\/\",\"name\":\"Impressum - Schlosserei Pauli\",\"isPartOf\":{\"@id\":\"https:\/\/schlossereipauli.ch\/#website\"},\"datePublished\":\"2025-03-10T10:57:02+00:00\",\"dateModified\":\"2025-03-14T09:13:54+00:00\",\"breadcrumb\":{\"@id\":\"https:\/\/schlossereipauli.ch\/index.php\/impressum\/#breadcrumb\"},\"inLanguage\":\"de\",\"potentialAction\":[{\"@type\":\"ReadAction\",\"target\":[\"https:\/\/schlossereipauli.ch\/index.php\/impressum\/\"]}]},{\"@type\":\"BreadcrumbList\",\"@id\":\"https:\/\/schlossereipauli.ch\/index.php\/impressum\/#breadcrumb\",\"itemListElement\":[{\"@type\":\"ListItem\",\"position\":1,\"name\":\"Startseite\",\"item\":\"https:\/\/schlossereipauli.ch\/\"},{\"@type\":\"ListItem\",\"position\":2,\"name\":\"Impressum\"}]},{\"@type\":\"WebSite\",\"@id\":\"https:\/\/schlossereipauli.ch\/#website\",\"url\":\"https:\/\/schlossereipauli.ch\/\",\"name\":\"Schlosserei Pauli\",\"description\":\"Metallbau und Konstruktionen aller Art\",\"publisher\":{\"@id\":\"https:\/\/schlossereipauli.ch\/#organization\"},\"potentialAction\":[{\"@type\":\"SearchAction\",\"target\":{\"@type\":\"EntryPoint\",\"urlTemplate\":\"https:\/\/schlossereipauli.ch\/?s={search_term_string}\"},\"query-input\":{\"@type\":\"PropertyValueSpecification\",\"valueRequired\":true,\"valueName\":\"search_term_string\"}}],\"inLanguage\":\"de\"},{\"@type\":\"Organization\",\"@id\":\"https:\/\/schlossereipauli.ch\/#organization\",\"name\":\"Schlosserei Pauli\",\"url\":\"https:\/\/schlossereipauli.ch\/\",\"logo\":{\"@type\":\"ImageObject\",\"inLanguage\":\"de\",\"@id\":\"https:\/\/schlossereipauli.ch\/#\/schema\/logo\/image\/\",\"url\":\"https:\/\/schlossereipauli.ch\/wp-content\/uploads\/2025\/02\/Schlosserei-Pauli-Logo-Line.svg\",\"contentUrl\":\"https:\/\/schlossereipauli.ch\/wp-content\/uploads\/2025\/02\/Schlosserei-Pauli-Logo-Line.svg\",\"width\":1,\"height\":1,\"caption\":\"Schlosserei Pauli\"},\"image\":{\"@id\":\"https:\/\/schlossereipauli.ch\/#\/schema\/logo\/image\/\"}}]}<\/script>\n<!-- \/ Yoast SEO plugin. -->","yoast_head_json":{"title":"Impressum - Schlosserei Pauli","robots":{"index":"index","follow":"follow","max-snippet":"max-snippet:-1","max-image-preview":"max-image-preview:large","max-video-preview":"max-video-preview:-1"},"canonical":"https:\/\/schlossereipauli.ch\/index.php\/impressum\/","og_locale":"de_DE","og_type":"article","og_title":"Impressum - Schlosserei Pauli","og_description":"Kontakt-Adresse Schlosserei PauliFrauwis 58634 Hombrechtikon ZHSchweiz E-Mail:mail@schlossereipauli.ch Vertretungsberechtigte Person(en) Domenic Pauli, Inhaber Mehrwertsteuer-NummerCHE-396.224.370 MWST Haftungsausschluss Der Autor \u00fcbernimmt keinerlei Gew\u00e4hr hinsichtlich der inhaltlichen Richtigkeit, Genauigkeit, Aktualit\u00e4t, Zuverl\u00e4ssigkeit und Vollst\u00e4ndigkeit der Informationen. Haftungsanspr\u00fcche gegen den Autor wegen Sch\u00e4den materieller oder immaterieller Art, welche aus dem Zugriff oder der Nutzung bzw. Nichtnutzung der ver\u00f6ffentlichten Informationen, durch Missbrauch [&hellip;]","og_url":"https:\/\/schlossereipauli.ch\/index.php\/impressum\/","og_site_name":"Schlosserei Pauli","article_modified_time":"2025-03-14T09:13:54+00:00","twitter_card":"summary_large_image","twitter_misc":{"Gesch\u00e4tzte Lesezeit":"2\u00a0Minuten"},"schema":{"@context":"https:\/\/schema.org","@graph":[{"@type":"WebPage","@id":"https:\/\/schlossereipauli.ch\/index.php\/impressum\/","url":"https:\/\/schlossereipauli.ch\/index.php\/impressum\/","name":"Impressum - Schlosserei Pauli","isPartOf":{"@id":"https:\/\/schlossereipauli.ch\/#website"},"datePublished":"2025-03-10T10:57:02+00:00","dateModified":"2025-03-14T09:13:54+00:00","breadcrumb":{"@id":"https:\/\/schlossereipauli.ch\/index.php\/impressum\/#breadcrumb"},"inLanguage":"de","potentialAction":[{"@type":"ReadAction","target":["https:\/\/schlossereipauli.ch\/index.php\/impressum\/"]}]},{"@type":"BreadcrumbList","@id":"https:\/\/schlossereipauli.ch\/index.php\/impressum\/#breadcrumb","itemListElement":[{"@type":"ListItem","position":1,"name":"Startseite","item":"https:\/\/schlossereipauli.ch\/"},{"@type":"ListItem","position":2,"name":"Impressum"}]},{"@type":"WebSite","@id":"https:\/\/schlossereipauli.ch\/#website","url":"https:\/\/schlossereipauli.ch\/","name":"Schlosserei Pauli","description":"Metallbau und Konstruktionen aller Art","publisher":{"@id":"https:\/\/schlossereipauli.ch\/#organization"},"potentialAction":[{"@type":"SearchAction","target":{"@type":"EntryPoint","urlTemplate":"https:\/\/schlossereipauli.ch\/?s={search_term_string}"},"query-input":{"@type":"PropertyValueSpecification","valueRequired":true,"valueName":"search_term_string"}}],"inLanguage":"de"},{"@type":"Organization","@id":"https:\/\/schlossereipauli.ch\/#organization","name":"Schlosserei Pauli","url":"https:\/\/schlossereipauli.ch\/","logo":{"@type":"ImageObject","inLanguage":"de","@id":"https:\/\/schlossereipauli.ch\/#\/schema\/logo\/image\/","url":"https:\/\/schlossereipauli.ch\/wp-content\/uploads\/2025\/02\/Schlosserei-Pauli-Logo-Line.svg","contentUrl":"https:\/\/schlossereipauli.ch\/wp-content\/uploads\/2025\/02\/Schlosserei-Pauli-Logo-Line.svg","width":1,"height":1,"caption":"Schlosserei Pauli"},"image":{"@id":"https:\/\/schlossereipauli.ch\/#\/schema\/logo\/image\/"}}]}},"_links":{"self":[{"href":"https:\/\/schlossereipauli.ch\/index.php\/wp-json\/wp\/v2\/pages\/97","targetHints":{"allow":["GET"]}}],"collection":[{"href":"https:\/\/schlossereipauli.ch\/index.php\/wp-json\/wp\/v2\/pages"}],"about":[{"href":"https:\/\/schlossereipauli.ch\/index.php\/wp-json\/wp\/v2\/types\/page"}],"author":[{"embeddable":true,"href":"https:\/\/schlossereipauli.ch\/index.php\/wp-json\/wp\/v2\/users\/1"}],"replies":[{"embeddable":true,"href":"https:\/\/schlossereipauli.ch\/index.php\/wp-json\/wp\/v2\/comments?post=97"}],"version-history":[{"count":2,"href":"https:\/\/schlossereipauli.ch\/index.php\/wp-json\/wp\/v2\/pages\/97\/revisions"}],"predecessor-version":[{"id":171,"href":"https:\/\/schlossereipauli.ch\/index.php\/wp-json\/wp\/v2\/pages\/97\/revisions\/171"}],"wp:attachment":[{"href":"https:\/\/schlossereipauli.ch\/index.php\/wp-json\/wp\/v2\/media?parent=97"}],"curies":[{"name":"wp","href":"https:\/\/api.w.org\/{rel}","templated":true}]}}